{"id":4983,"date":"2019-05-24T22:09:52","date_gmt":"2019-05-24T19:09:52","guid":{"rendered":"http:\/\/www.iceteam.fi\/?page_id=4983"},"modified":"2025-09-26T08:29:47","modified_gmt":"2025-09-26T05:29:47","slug":"u14-juniors","status":"publish","type":"page","link":"https:\/\/www.iceteam.fi\/sv\/lagen\/u14-juniors\/","title":{"rendered":"U14"},"content":{"rendered":"<p>U14 2025-2026<\/p>\n<p><img loading=\"lazy\" decoding=\"async\" src=\"https:\/\/www.iceteam.fi\/wp-content\/uploads\/2025\/09\/Team-2024-650x356.jpg\" alt=\"\" width=\"650\" height=\"356\" class=\"alignnone wp-image-6996 size-large\" srcset=\"https:\/\/www.iceteam.fi\/wp-content\/uploads\/2025\/09\/Team-2024-650x356.jpg 650w, https:\/\/www.iceteam.fi\/wp-content\/uploads\/2025\/09\/Team-2024-300x164.jpg 300w, https:\/\/www.iceteam.fi\/wp-content\/uploads\/2025\/09\/Team-2024-768x420.jpg 768w, https:\/\/www.iceteam.fi\/wp-content\/uploads\/2025\/09\/Team-2024.jpg 1348w\" sizes=\"(max-width: 650px) 100vw, 650px\" \/><\/p>\n<p class=\"p1\">Vi \u00e4r ett kombinationslag med spelare f\u00f6dda 2011 och 2012, som spelar i Ishockeyf\u00f6rbundets U14 Vit, Grupp 1a-serie i S\u00f6dra omr\u00e5det. Vi \u00e4r ett tjugotal spelare i laget och h\u00e4lsar varmt v\u00e4lkomna alla nya spelare (pojkar och flickor!).<span data-contrast=\"auto\"> <\/span><span data-ccp-props=\"{&quot;201341983&quot;:0,&quot;335559739&quot;:160,&quot;335559740&quot;:259}\">&nbsp;<\/span><\/p>\n<p class=\"p1\"><b>Tr\u00e4ningstider:<\/b><b><\/b><\/p>\n<p class=\"p2\">M\u00e5 kl. 18.30\u201320.00<br \/>\nTo kl. 18.30\u201320.00<br \/>\nL\u00f6 kl. 12.00\u201313.30 (hemmamatchdag)<\/p>\n<p class=\"p1\">Du kan ocks\u00e5 f\u00f6lja oss p\u00e5 sociala medier:<br \/>\nFacebook: Ice Team Raseborg -12<br \/>\nInstagram: iceteamraseborg_u14<\/p>\n<p><strong>Lagledning<\/strong><\/p>\n<p><img loading=\"lazy\" decoding=\"async\" class=\"alignnone  wp-image-5533\" src=\"https:\/\/www.iceteam.fi\/wp-content\/uploads\/2021\/11\/11-480x650.jpg\" alt=\"\" width=\"151\" height=\"200\"\/>&nbsp; &nbsp; &nbsp; &nbsp; <img loading=\"lazy\" decoding=\"async\" class=\"alignnone  wp-image-5533\" src=\"https:\/\/www.iceteam.fi\/wp-content\/uploads\/2021\/11\/11-480x650.jpg\" alt=\"\" width=\"151\" height=\"200\"\/><br \/>\nLagledare (Spel):&nbsp; &nbsp; &nbsp; &nbsp; &nbsp; &nbsp;Lagledare:<br \/>\nSandra Silfver&nbsp; &nbsp; &nbsp; &nbsp; &nbsp; &nbsp; &nbsp; &nbsp; &nbsp;Camilla Metsola-Dahlqvist<\/p>\n<p><strong>Valmentajat<\/strong><br \/>\n&nbsp; <img loading=\"lazy\" decoding=\"async\" class=\"alignnone wp-image-5533\" src=\"https:\/\/www.iceteam.fi\/wp-content\/uploads\/2021\/11\/11-480x650.jpg\" alt=\"\" width=\"150\" height=\"203\" srcset=\"https:\/\/www.iceteam.fi\/wp-content\/uploads\/2021\/11\/11-480x650.jpg 480w, https:\/\/www.iceteam.fi\/wp-content\/uploads\/2021\/11\/11-222x300.jpg 222w, https:\/\/www.iceteam.fi\/wp-content\/uploads\/2021\/11\/11-768x1040.jpg 768w, https:\/\/www.iceteam.fi\/wp-content\/uploads\/2021\/11\/11-1134x1536.jpg 1134w, https:\/\/www.iceteam.fi\/wp-content\/uploads\/2021\/11\/11.jpg 1440w\" sizes=\"(max-width: 150px) 100vw, 150px\" \/>&nbsp; &nbsp; &nbsp; &nbsp;<img loading=\"lazy\" decoding=\"async\" class=\"alignnone wp-image-5526\" src=\"https:\/\/www.iceteam.fi\/wp-content\/uploads\/2021\/11\/kride.jpg\" alt=\"\" width=\"150\" height=\"203\" srcset=\"https:\/\/www.iceteam.fi\/wp-content\/uploads\/2021\/11\/kride.jpg 1440w, https:\/\/www.iceteam.fi\/wp-content\/uploads\/2021\/11\/kride-222x300.jpg 222w, https:\/\/www.iceteam.fi\/wp-content\/uploads\/2021\/11\/kride-480x650.jpg 480w, https:\/\/www.iceteam.fi\/wp-content\/uploads\/2021\/11\/kride-768x1040.jpg 768w, https:\/\/www.iceteam.fi\/wp-content\/uploads\/2021\/11\/kride-1134x1536.jpg 1134w\" sizes=\"(max-width: 150px) 100vw, 150px\" \/>&nbsp; &nbsp; &nbsp; &nbsp;<img loading=\"lazy\" decoding=\"async\" class=\"alignnone wp-image-5533\" src=\"https:\/\/www.iceteam.fi\/wp-content\/uploads\/2021\/11\/11-480x650.jpg\" alt=\"\" width=\"150\" height=\"203\" srcset=\"https:\/\/www.iceteam.fi\/wp-content\/uploads\/2021\/11\/11-480x650.jpg 480w, https:\/\/www.iceteam.fi\/wp-content\/uploads\/2021\/11\/11-222x300.jpg 222w, https:\/\/www.iceteam.fi\/wp-content\/uploads\/2021\/11\/11-768x1040.jpg 768w, https:\/\/www.iceteam.fi\/wp-content\/uploads\/2021\/11\/11-1134x1536.jpg 1134w, https:\/\/www.iceteam.fi\/wp-content\/uploads\/2021\/11\/11.jpg 1440w\" sizes=\"(max-width: 150px) 100vw, 150px\" \/>&nbsp; &nbsp; &nbsp; <img loading=\"lazy\" decoding=\"async\" src=\"https:\/\/www.iceteam.fi\/wp-content\/uploads\/2025\/09\/WhatsApp-Image-2023-10-22-at-11.17.15-e1757271045538-214x300.jpeg\" alt=\"\" width=\"145\" height=\"203\" class=\"alignnone wp-image-6992\" srcset=\"https:\/\/www.iceteam.fi\/wp-content\/uploads\/2025\/09\/WhatsApp-Image-2023-10-22-at-11.17.15-e1757271045538-214x300.jpeg 214w, https:\/\/www.iceteam.fi\/wp-content\/uploads\/2025\/09\/WhatsApp-Image-2023-10-22-at-11.17.15-e1757271045538-464x650.jpeg 464w, https:\/\/www.iceteam.fi\/wp-content\/uploads\/2025\/09\/WhatsApp-Image-2023-10-22-at-11.17.15-e1757271045538.jpeg 693w\" sizes=\"(max-width: 145px) 100vw, 145px\" \/><\/p>\n<p>Ansvarstr\u00e4nare:&nbsp; &nbsp; &nbsp; &nbsp; &nbsp; &nbsp; &nbsp;Kristian Enberg&nbsp; &nbsp; &nbsp; &nbsp; &nbsp; &nbsp; &nbsp;Tony Lindholm&nbsp; &nbsp; &nbsp; &nbsp; &nbsp; &nbsp; &nbsp; &nbsp; &nbsp;Niclas Berg<br \/>\nIan Varrio&nbsp; &nbsp; &nbsp; &nbsp; &nbsp; &nbsp; &nbsp; &nbsp; &nbsp; &nbsp; &nbsp; &nbsp; &nbsp; &nbsp; &nbsp; &nbsp; &nbsp; &nbsp; &nbsp; &nbsp; &nbsp; &nbsp; &nbsp; &nbsp; &nbsp; &nbsp; &nbsp; &nbsp; &nbsp;&nbsp;<\/p>\n<p><strong>Huoltajat<br \/>\n<\/strong><img loading=\"lazy\" decoding=\"async\" class=\"alignnone wp-image-5531\" src=\"https:\/\/www.iceteam.fi\/wp-content\/uploads\/2021\/11\/basti.jpg\" alt=\"\" width=\"152\" height=\"206\" srcset=\"https:\/\/www.iceteam.fi\/wp-content\/uploads\/2021\/11\/basti.jpg 1440w, https:\/\/www.iceteam.fi\/wp-content\/uploads\/2021\/11\/basti-222x300.jpg 222w, https:\/\/www.iceteam.fi\/wp-content\/uploads\/2021\/11\/basti-480x650.jpg 480w, https:\/\/www.iceteam.fi\/wp-content\/uploads\/2021\/11\/basti-768x1040.jpg 768w, https:\/\/www.iceteam.fi\/wp-content\/uploads\/2021\/11\/basti-1134x1536.jpg 1134w\" sizes=\"(max-width: 152px) 100vw, 152px\" \/><\/p>\n<p>Underh\u00e5llsansvarig:&nbsp;&nbsp;&nbsp;&nbsp;&nbsp;&nbsp;&nbsp;&nbsp;&nbsp;&nbsp;&nbsp;&nbsp;&nbsp;&nbsp;&nbsp;&nbsp;&nbsp;&nbsp;&nbsp;&nbsp;&nbsp;&nbsp;&nbsp;&nbsp;&nbsp;&nbsp;&nbsp;&nbsp;&nbsp;&nbsp;&nbsp;&nbsp;&nbsp;<br \/>\nBasti Ekegren<\/p>\n<p>Kass\u00f6r:<br \/>\nMaria Koivunen<\/p>\n","protected":false},"excerpt":{"rendered":"<p>U14 2025-2026 Vi \u00e4r ett kombinationslag med spelare f\u00f6dda 2011 och 2012, som spelar i Ishockeyf\u00f6rbundets U14 Vit, Grupp 1a-serie i S\u00f6dra omr\u00e5det. Vi \u00e4r ett tjugotal spelare i laget och h\u00e4lsar varmt v\u00e4lkomna alla nya spelare (pojkar och flickor!). &nbsp; Tr\u00e4ningstider: M\u00e5 kl. 18.30\u201320.00 To kl. 18.30\u201320.00 L\u00f6 kl. [&hellip;]<\/p>\n","protected":false},"author":9,"featured_media":0,"parent":66,"menu_order":0,"comment_status":"closed","ping_status":"closed","template":"","meta":{"ngg_post_thumbnail":0,"cybocfi_hide_featured_image":"","footnotes":""},"class_list":["post-4983","page","type-page","status-publish","hentry"],"_links":{"self":[{"href":"https:\/\/www.iceteam.fi\/sv\/wp-json\/wp\/v2\/pages\/4983"}],"collection":[{"href":"https:\/\/www.iceteam.fi\/sv\/wp-json\/wp\/v2\/pages"}],"about":[{"href":"https:\/\/www.iceteam.fi\/sv\/wp-json\/wp\/v2\/types\/page"}],"author":[{"embeddable":true,"href":"https:\/\/www.iceteam.fi\/sv\/wp-json\/wp\/v2\/users\/9"}],"replies":[{"embeddable":true,"href":"https:\/\/www.iceteam.fi\/sv\/wp-json\/wp\/v2\/comments?post=4983"}],"version-history":[{"count":10,"href":"https:\/\/www.iceteam.fi\/sv\/wp-json\/wp\/v2\/pages\/4983\/revisions"}],"predecessor-version":[{"id":7060,"href":"https:\/\/www.iceteam.fi\/sv\/wp-json\/wp\/v2\/pages\/4983\/revisions\/7060"}],"up":[{"embeddable":true,"href":"https:\/\/www.iceteam.fi\/sv\/wp-json\/wp\/v2\/pages\/66"}],"wp:attachment":[{"href":"https:\/\/www.iceteam.fi\/sv\/wp-json\/wp\/v2\/media?parent=4983"}],"curies":[{"name":"wp","href":"https:\/\/api.w.org\/{rel}","templated":true}]}}