{"id":53,"date":"2013-01-03T21:12:58","date_gmt":"2013-01-03T21:12:58","guid":{"rendered":"http:\/\/www.iceteam.fi\/?page_id=53"},"modified":"2013-11-19T15:33:57","modified_gmt":"2013-11-19T13:33:57","slug":"ice-team-raseborg","status":"publish","type":"page","link":"https:\/\/www.iceteam.fi\/sv\/ice-team-raseborg\/","title":{"rendered":"Ice Team Raseborg"},"content":{"rendered":"<p>Ice Team Raseborg \u00e4r en registrerad f\u00f6rening, vars m\u00e5ls\u00e4ttning \u00e4r att f\u00f6ra fram olika issporter i Raseborg och V\u00e4stnyland. Vi tr\u00e4nar i Aktia-ishallen i Karis.<\/p>\n<p>Ta kontakt om du vill komma med och g\u00f6ra det m\u00f6jligt f\u00f6r barn och ungdomar i Raseborg att \u00e4gna sig \u00e5t issporter. Vi beh\u00f6ver ivriga personer med i utvecklingsarbetet inom olika issportgrenar \u2013 ber\u00e4tta vad du vill vara med och g\u00f6ra. Mera information f\u00e5r du per e-post <a href=\"mailto:\/\/puheenjohtaja@iceteam.fi\" target=\"_blank\">puheenjohtaja@iceteam.fi<\/a><\/p>\n<p>Du hittar oss \u00e4ven i\u00a0<a href=\"https:\/\/www.facebook.com\/pages\/ICE-TEAM-RASEBORG\/116780735103335\" target=\"_self\">Ice Team Raseborg Facebook<\/a>:<br \/>\nAktia hallens hemsidor\u00a0<a href=\"http:\/\/raseborgsishall.fi\/\" target=\"_blank\">raseborgsishall.fi<\/a>.<\/p>\n","protected":false},"excerpt":{"rendered":"<p>Ice Team Raseborg \u00e4r en registrerad f\u00f6rening, vars m\u00e5ls\u00e4ttning \u00e4r att f\u00f6ra fram olika issporter i Raseborg och V\u00e4stnyland. Vi tr\u00e4nar i Aktia-ishallen i Karis. Ta kontakt om du vill komma med och g\u00f6ra det m\u00f6jligt f\u00f6r barn och ungdomar i Raseborg att \u00e4gna sig \u00e5t issporter. Vi beh\u00f6ver ivriga [&hellip;]<\/p>\n","protected":false},"author":1,"featured_media":0,"parent":0,"menu_order":0,"comment_status":"closed","ping_status":"closed","template":"sidebar-page.php","meta":{"ngg_post_thumbnail":0,"cybocfi_hide_featured_image":"","footnotes":""},"class_list":["post-53","page","type-page","status-publish","hentry"],"_links":{"self":[{"href":"https:\/\/www.iceteam.fi\/sv\/wp-json\/wp\/v2\/pages\/53"}],"collection":[{"href":"https:\/\/www.iceteam.fi\/sv\/wp-json\/wp\/v2\/pages"}],"about":[{"href":"https:\/\/www.iceteam.fi\/sv\/wp-json\/wp\/v2\/types\/page"}],"author":[{"embeddable":true,"href":"https:\/\/www.iceteam.fi\/sv\/wp-json\/wp\/v2\/users\/1"}],"replies":[{"embeddable":true,"href":"https:\/\/www.iceteam.fi\/sv\/wp-json\/wp\/v2\/comments?post=53"}],"version-history":[{"count":9,"href":"https:\/\/www.iceteam.fi\/sv\/wp-json\/wp\/v2\/pages\/53\/revisions"}],"predecessor-version":[{"id":5000,"href":"https:\/\/www.iceteam.fi\/sv\/wp-json\/wp\/v2\/pages\/53\/revisions\/5000"}],"wp:attachment":[{"href":"https:\/\/www.iceteam.fi\/sv\/wp-json\/wp\/v2\/media?parent=53"}],"curies":[{"name":"wp","href":"https:\/\/api.w.org\/{rel}","templated":true}]}}