{"id":550,"date":"2013-01-22T19:29:20","date_gmt":"2013-01-22T17:29:20","guid":{"rendered":"http:\/\/www.iceteam.fi\/?page_id=550"},"modified":"2024-07-17T11:22:39","modified_gmt":"2024-07-17T08:22:39","slug":"rad-till-foraldrar","status":"publish","type":"page","link":"https:\/\/www.iceteam.fi\/sv\/lejon-hockeyskolan\/rad-till-foraldrar\/","title":{"rendered":"Anvisningar till f\u00f6r\u00e4ldrarna"},"content":{"rendered":"\n<p style=\"font-weight: 400;\">Det l\u00f6nar sig att komma till hallen i god tid och utrustad med glatt hum\u00f6r, ca 1\/2 timme innan tr\u00e4ningen b\u00f6rjar. D\u00e5 man kommer till hallen anm\u00e4ler man sig f\u00f6r tr\u00e4naren\/handledaren som \u00e4r i omkl\u00e4dningsrummet.<\/p>\n<p style=\"font-weight: 400;\">Handledaren ber\u00e4ttar n\u00e4r man f\u00e5r \u00e5ka ut p\u00e5 isen. Man f\u00e5r inte \u00e5ka ut p\u00e5 isen utan tillst\u00e5nd av handledaren! Det \u00e4r absolut f\u00f6rbjudet att \u00e4ta godis eller tugga tuggummi under timmen. Man avl\u00e4gsnar sig fr\u00e5n isen under ledning av tr\u00e4naren d\u00e5 tiden \u00e4r slut. Omkl\u00e4dningsrummet ska vara tomt senast 45 minuter efter att tr\u00e4ningen har avslutats.<\/p>\n<p style=\"font-weight: 400;\">Barnet b\u00f6r ges m\u00f6jlighet att k\u00e4nna att han eller hon \u00e4r en del av laget och klarar sig utan pappa\/mamma\/v\u00e5rdnadshavare i hallen. P\u00e5 s\u00e5 s\u00e4tt l\u00e4r barnet sig lita \u00e4ven p\u00e5 sin tr\u00e4nare och handledare. L\u00e5t tr\u00e4naren\/handledaren ta hand om ditt barn s\u00e5 snart som m\u00f6jligt.<\/p>\n<p style=\"font-weight: 400;\">Hj\u00e4lp till med att kl\u00e4 p\u00e5 utrustning och sn\u00f6ra skridskorna. Skridskorna ska vara tillr\u00e4ckligt sp\u00e4nt sn\u00f6rda. Om du har skrinnat tidigare \u00e4r du v\u00e4lkommen att hj\u00e4lpa till p\u00e5 isen. D\u00e4r beh\u00f6vs alltid extra hj\u00e4lp med att \u00f6vervaka utf\u00f6randen och st\u00f6da dem som \u00e4nnu har det sv\u00e5rt med balansen.<\/p>\n<p style=\"font-weight: 400;\">F\u00f6lj med ditt barns tr\u00e4ningar. Om han eller hon beh\u00f6ver hj\u00e4lp med att sn\u00f6ra om skridskorna eller med n\u00e5got annat ska du inte tveka att komma till avbytarb\u00e4nken.<\/p>\n<p style=\"font-weight: 400;\">Ta med n\u00e5got att dricka, eftersom man under tr\u00e4ningarna f\u00f6rs\u00f6ker l\u00e4ra barnen betydelsen av v\u00e4tska d\u00e5 man idrottar.<\/p>\n<p style=\"font-weight: 400;\">Kom ih\u00e5g att ishockey \u00e4r barnets hobby. L\u00e4r dig i tid att k\u00e4nna igen tecknen p\u00e5 att han eller hon inte vill \u00e5ka till tr\u00e4ningen. Fr\u00e5ga barnet om orsaken och informera tr\u00e4naren om fr\u00e5nvaron och andra saker som han b\u00f6r notera.<\/p>\n<p style=\"font-weight: 400;\"><strong>\u00c4ndringar i tr\u00e4ningstiderna \u00e4r m\u00f6jliga. F\u00f6lj med de infon&nbsp;om&nbsp;ishockeyskolan som s\u00e4nds per e-post eller syns i ishallens kalender.&nbsp;<\/strong><\/p>\n\n\n","protected":false},"excerpt":{"rendered":"<p>Det l\u00f6nar sig att komma till hallen i god tid och utrustad med glatt hum\u00f6r, ca 1\/2 timme innan tr\u00e4ningen b\u00f6rjar. D\u00e5 man kommer till hallen anm\u00e4ler man sig f\u00f6r tr\u00e4naren\/handledaren som \u00e4r i omkl\u00e4dningsrummet. Handledaren ber\u00e4ttar n\u00e4r man f\u00e5r \u00e5ka ut p\u00e5 isen. Man f\u00e5r inte \u00e5ka ut p\u00e5 [&hellip;]<\/p>\n","protected":false},"author":1,"featured_media":0,"parent":82,"menu_order":0,"comment_status":"closed","ping_status":"closed","template":"","meta":{"ngg_post_thumbnail":0,"cybocfi_hide_featured_image":"","footnotes":""},"class_list":["post-550","page","type-page","status-publish","hentry"],"_links":{"self":[{"href":"https:\/\/www.iceteam.fi\/sv\/wp-json\/wp\/v2\/pages\/550"}],"collection":[{"href":"https:\/\/www.iceteam.fi\/sv\/wp-json\/wp\/v2\/pages"}],"about":[{"href":"https:\/\/www.iceteam.fi\/sv\/wp-json\/wp\/v2\/types\/page"}],"author":[{"embeddable":true,"href":"https:\/\/www.iceteam.fi\/sv\/wp-json\/wp\/v2\/users\/1"}],"replies":[{"embeddable":true,"href":"https:\/\/www.iceteam.fi\/sv\/wp-json\/wp\/v2\/comments?post=550"}],"version-history":[{"count":9,"href":"https:\/\/www.iceteam.fi\/sv\/wp-json\/wp\/v2\/pages\/550\/revisions"}],"predecessor-version":[{"id":6053,"href":"https:\/\/www.iceteam.fi\/sv\/wp-json\/wp\/v2\/pages\/550\/revisions\/6053"}],"up":[{"embeddable":true,"href":"https:\/\/www.iceteam.fi\/sv\/wp-json\/wp\/v2\/pages\/82"}],"wp:attachment":[{"href":"https:\/\/www.iceteam.fi\/sv\/wp-json\/wp\/v2\/media?parent=550"}],"curies":[{"name":"wp","href":"https:\/\/api.w.org\/{rel}","templated":true}]}}