{"id":564,"date":"2013-01-22T19:53:15","date_gmt":"2013-01-22T17:53:15","guid":{"rendered":"http:\/\/www.iceteam.fi\/?page_id=564"},"modified":"2024-08-18T20:39:20","modified_gmt":"2024-08-18T17:39:20","slug":"priser-for-ishockeyskolan","status":"publish","type":"page","link":"https:\/\/www.iceteam.fi\/sv\/lejon-hockeyskolan\/priser-for-ishockeyskolan\/","title":{"rendered":"Priser f\u00f6r ishockeyskolan"},"content":{"rendered":"<p>H\u00f6st\/V\u00e5rs\u00e4songen (10-12 ggr) <strong>60 \u20ac (inkluderar en spelskjorta)<\/strong><\/p>\n<p>Syskonrabatt 30 % f\u00f6r den yngre spelarens del. Om det finns flera barn, som deltar, \u00e4r syskonrabatten forts\u00e4ttningsvis 30%. Meddela separat till info@iceteam.fi om ni har syskon i Hockeyskolan.<\/p>\n","protected":false},"excerpt":{"rendered":"<p>H\u00f6st\/V\u00e5rs\u00e4songen (10-12 ggr) 60 \u20ac (inkluderar en spelskjorta) Syskonrabatt 30 % f\u00f6r den yngre spelarens del. Om det finns flera barn, som deltar, \u00e4r syskonrabatten forts\u00e4ttningsvis 30%. Meddela separat till info@iceteam.fi om ni har syskon i Hockeyskolan.<\/p>\n","protected":false},"author":1,"featured_media":0,"parent":82,"menu_order":0,"comment_status":"closed","ping_status":"closed","template":"","meta":{"ngg_post_thumbnail":0,"cybocfi_hide_featured_image":"","footnotes":""},"class_list":["post-564","page","type-page","status-publish","hentry"],"_links":{"self":[{"href":"https:\/\/www.iceteam.fi\/sv\/wp-json\/wp\/v2\/pages\/564"}],"collection":[{"href":"https:\/\/www.iceteam.fi\/sv\/wp-json\/wp\/v2\/pages"}],"about":[{"href":"https:\/\/www.iceteam.fi\/sv\/wp-json\/wp\/v2\/types\/page"}],"author":[{"embeddable":true,"href":"https:\/\/www.iceteam.fi\/sv\/wp-json\/wp\/v2\/users\/1"}],"replies":[{"embeddable":true,"href":"https:\/\/www.iceteam.fi\/sv\/wp-json\/wp\/v2\/comments?post=564"}],"version-history":[{"count":18,"href":"https:\/\/www.iceteam.fi\/sv\/wp-json\/wp\/v2\/pages\/564\/revisions"}],"predecessor-version":[{"id":6273,"href":"https:\/\/www.iceteam.fi\/sv\/wp-json\/wp\/v2\/pages\/564\/revisions\/6273"}],"up":[{"embeddable":true,"href":"https:\/\/www.iceteam.fi\/sv\/wp-json\/wp\/v2\/pages\/82"}],"wp:attachment":[{"href":"https:\/\/www.iceteam.fi\/sv\/wp-json\/wp\/v2\/media?parent=564"}],"curies":[{"name":"wp","href":"https:\/\/api.w.org\/{rel}","templated":true}]}}