{"id":5799,"date":"2022-09-06T11:26:56","date_gmt":"2022-09-06T08:26:56","guid":{"rendered":"https:\/\/www.iceteam.fi\/?page_id=5799"},"modified":"2025-09-16T23:02:32","modified_gmt":"2025-09-16T20:02:32","slug":"u12-joukkue","status":"publish","type":"page","link":"https:\/\/www.iceteam.fi\/sv\/lagen\/u12-joukkue\/","title":{"rendered":"U12"},"content":{"rendered":"\n<p class=\"p1\">I v\u00e5rt lag spelar barn f\u00f6dda 2013 och 2014. Vi \u00e4r f\u00f6r n\u00e4rvarande cirka 15 spelare och h\u00e4lsar varmt v\u00e4lkomna alla nya spelare (pojkar och flickor)!<\/p>\n<p class=\"p1\">Under s\u00e4songen 2025\u20132026 \u00e4r vi ITR U12. Vi spelar med ett lag i U12 Grupp 1b mot andra f\u00f6reningar i S\u00f6dra Finland.<\/p>\n<p class=\"p3\"><b>Tr\u00e4ningstider:<\/b><b><\/b><\/p>\n<p class=\"p1\">M\u00e5 kl. 18.30\u201320.00<br \/>To kl. 18.30\u201320.00<br \/>S\u00f6 kl. 14.00\u201315.30<\/p>\n<p class=\"p1\">Du kan ocks\u00e5 f\u00f6lja oss p\u00e5 sociala medier:<\/p>\n<p class=\"p1\">Instagram: iceteamraseborg.u10<\/p>\n<p class=\"p1\">Om du \u00e4r f\u00f6dd 2013 eller 2014 och tycker att ishockey tillsammans med kompisar verkar roligt, ta kontakt med lagledaren eller tr\u00e4naren och kom med p\u00e5 tr\u00e4ningarna! Egna skridskor och hj\u00e4lm \u00e4r bra att ha, \u00f6vrig utrustning f\u00e5r du l\u00e5na av laget.<\/p>\n<div class=\"container\">\n<p><strong style=\"font-size: revert;\">Lagledare<\/strong><\/p>\n<\/div>\n<p><img loading=\"lazy\" decoding=\"async\" class=\"alignnone wp-image-5533\" src=\"https:\/\/www.iceteam.fi\/wp-content\/uploads\/2021\/11\/11.jpg\" alt=\"\" width=\"152\" height=\"206\" srcset=\"https:\/\/www.iceteam.fi\/wp-content\/uploads\/2021\/11\/11.jpg 1440w, https:\/\/www.iceteam.fi\/wp-content\/uploads\/2021\/11\/11-222x300.jpg 222w, https:\/\/www.iceteam.fi\/wp-content\/uploads\/2021\/11\/11-480x650.jpg 480w, https:\/\/www.iceteam.fi\/wp-content\/uploads\/2021\/11\/11-768x1040.jpg 768w, https:\/\/www.iceteam.fi\/wp-content\/uploads\/2021\/11\/11-1134x1536.jpg 1134w\" sizes=\"(max-width: 152px) 100vw, 152px\" \/>&nbsp; &nbsp; &nbsp; &nbsp; &nbsp; &nbsp; &nbsp;<\/p>\n<p><b>Tr\u00e4nare<\/b>&nbsp; &nbsp; &nbsp; &nbsp; &nbsp; &nbsp; &nbsp; &nbsp; &nbsp; &nbsp; &nbsp; &nbsp;&nbsp;<\/p>\n<p><img loading=\"lazy\" decoding=\"async\" class=\"alignnone wp-image-5533\" src=\"https:\/\/www.iceteam.fi\/wp-content\/uploads\/2021\/11\/11.jpg\" alt=\"\" width=\"152\" height=\"206\" srcset=\"https:\/\/www.iceteam.fi\/wp-content\/uploads\/2021\/11\/11.jpg 1440w, https:\/\/www.iceteam.fi\/wp-content\/uploads\/2021\/11\/11-222x300.jpg 222w, https:\/\/www.iceteam.fi\/wp-content\/uploads\/2021\/11\/11-480x650.jpg 480w, https:\/\/www.iceteam.fi\/wp-content\/uploads\/2021\/11\/11-768x1040.jpg 768w, https:\/\/www.iceteam.fi\/wp-content\/uploads\/2021\/11\/11-1134x1536.jpg 1134w\" sizes=\"(max-width: 152px) 100vw, 152px\" \/> &nbsp; &nbsp; &nbsp; &nbsp; &nbsp; <img loading=\"lazy\" decoding=\"async\" class=\"alignnone wp-image-5533\" src=\"https:\/\/www.iceteam.fi\/wp-content\/uploads\/2021\/11\/11.jpg\" alt=\"\" width=\"152\" height=\"206\" srcset=\"https:\/\/www.iceteam.fi\/wp-content\/uploads\/2021\/11\/11.jpg 1440w, https:\/\/www.iceteam.fi\/wp-content\/uploads\/2021\/11\/11-222x300.jpg 222w, https:\/\/www.iceteam.fi\/wp-content\/uploads\/2021\/11\/11-480x650.jpg 480w, https:\/\/www.iceteam.fi\/wp-content\/uploads\/2021\/11\/11-768x1040.jpg 768w, https:\/\/www.iceteam.fi\/wp-content\/uploads\/2021\/11\/11-1134x1536.jpg 1134w\" sizes=\"(max-width: 152px) 100vw, 152px\" \/><\/p>\n<p><em>Tr\u00e4nare:<\/em>&nbsp; &nbsp;<\/p>\n<p>Kennet Wall &nbsp; &nbsp; &nbsp; &nbsp; &nbsp; &nbsp; &nbsp; &nbsp; &nbsp; &nbsp; &nbsp; &nbsp;Eric Roos<\/p>\n<p><\/p>\n<p><strong>Huoltajat<\/strong><\/p>\n<p><img loading=\"lazy\" decoding=\"async\" class=\"alignnone wp-image-5533\" src=\"https:\/\/www.iceteam.fi\/wp-content\/uploads\/2021\/11\/11.jpg\" alt=\"\" width=\"152\" height=\"206\" srcset=\"https:\/\/www.iceteam.fi\/wp-content\/uploads\/2021\/11\/11.jpg 1440w, https:\/\/www.iceteam.fi\/wp-content\/uploads\/2021\/11\/11-222x300.jpg 222w, https:\/\/www.iceteam.fi\/wp-content\/uploads\/2021\/11\/11-480x650.jpg 480w, https:\/\/www.iceteam.fi\/wp-content\/uploads\/2021\/11\/11-768x1040.jpg 768w, https:\/\/www.iceteam.fi\/wp-content\/uploads\/2021\/11\/11-1134x1536.jpg 1134w\" sizes=\"(max-width: 152px) 100vw, 152px\" \/><\/p>\n<p><em>Underh\u00e5llsansvarig: &nbsp; &nbsp; &nbsp; &nbsp; &nbsp; &nbsp; &nbsp; &nbsp; &nbsp; &nbsp; &nbsp; &nbsp; &nbsp; &nbsp; &nbsp;<\/em><br \/>Robert Forsstr\u00f6m &nbsp; &nbsp; &nbsp; &nbsp; &nbsp; &nbsp; &nbsp; &nbsp; &nbsp; &nbsp; &nbsp; &nbsp; &nbsp; &nbsp; &nbsp; &nbsp; &nbsp; &nbsp; &nbsp; &nbsp; &nbsp; &nbsp; &nbsp; &nbsp; &nbsp; &nbsp; &nbsp; &nbsp; &nbsp; &nbsp; &nbsp; &nbsp;&nbsp;<br \/>+358 040 544 8309 &nbsp; &nbsp; &nbsp; &nbsp; &nbsp; &nbsp; &nbsp; &nbsp; &nbsp; &nbsp; &nbsp; &nbsp;<br \/><br \/><\/p>\n<p>&nbsp; &nbsp; &nbsp; &nbsp; &nbsp; &nbsp;&nbsp;<\/p>\n<p><strong>\u00d6vriga ansvariga<\/strong><\/p>\n<p><em>Kass\u00f6r: <\/em>&nbsp;<br \/>Anna Sandstr\u00f6m<br \/>+358 456501525<br \/><a href=\"mailto:annasand00@outlook.com\">annasand00@outlook.com<\/a><\/p>\n<p><em>Kioskansvarig:<\/em><br \/>Annika Lindqvist<\/p>\n","protected":false},"excerpt":{"rendered":"<p>I v\u00e5rt lag spelar barn f\u00f6dda 2013 och 2014. Vi \u00e4r f\u00f6r n\u00e4rvarande cirka 15 spelare och h\u00e4lsar varmt v\u00e4lkomna alla nya spelare (pojkar och flickor)! Under s\u00e4songen 2025\u20132026 \u00e4r vi ITR U12. Vi spelar med ett lag i U12 Grupp 1b mot andra f\u00f6reningar i S\u00f6dra Finland. Tr\u00e4ningstider: M\u00e5 [&hellip;]<\/p>\n","protected":false},"author":10,"featured_media":0,"parent":66,"menu_order":1,"comment_status":"closed","ping_status":"closed","template":"","meta":{"ngg_post_thumbnail":0,"cybocfi_hide_featured_image":"","footnotes":""},"class_list":["post-5799","page","type-page","status-publish","hentry"],"_links":{"self":[{"href":"https:\/\/www.iceteam.fi\/sv\/wp-json\/wp\/v2\/pages\/5799"}],"collection":[{"href":"https:\/\/www.iceteam.fi\/sv\/wp-json\/wp\/v2\/pages"}],"about":[{"href":"https:\/\/www.iceteam.fi\/sv\/wp-json\/wp\/v2\/types\/page"}],"author":[{"embeddable":true,"href":"https:\/\/www.iceteam.fi\/sv\/wp-json\/wp\/v2\/users\/10"}],"replies":[{"embeddable":true,"href":"https:\/\/www.iceteam.fi\/sv\/wp-json\/wp\/v2\/comments?post=5799"}],"version-history":[{"count":18,"href":"https:\/\/www.iceteam.fi\/sv\/wp-json\/wp\/v2\/pages\/5799\/revisions"}],"predecessor-version":[{"id":7046,"href":"https:\/\/www.iceteam.fi\/sv\/wp-json\/wp\/v2\/pages\/5799\/revisions\/7046"}],"up":[{"embeddable":true,"href":"https:\/\/www.iceteam.fi\/sv\/wp-json\/wp\/v2\/pages\/66"}],"wp:attachment":[{"href":"https:\/\/www.iceteam.fi\/sv\/wp-json\/wp\/v2\/media?parent=5799"}],"curies":[{"name":"wp","href":"https:\/\/api.w.org\/{rel}","templated":true}]}}