{"id":62,"date":"2013-01-03T21:24:48","date_gmt":"2013-01-03T21:24:48","guid":{"rendered":"http:\/\/www.iceteam.fi\/?page_id=62"},"modified":"2025-08-21T18:24:49","modified_gmt":"2025-08-21T15:24:49","slug":"kontaktuppgifter","status":"publish","type":"page","link":"https:\/\/www.iceteam.fi\/sv\/ice-team-raseborg\/kontaktuppgifter\/","title":{"rendered":"Kontaktuppgifter"},"content":{"rendered":"<h1>Kontaktuppgifter<\/h1>\n<p>Postadress:<br \/>Ice Team Raseborg rf c\/o Jan Engblom<br \/>Marknadsgr\u00e4nd 18 <br \/>10600 Eken\u00e4s<\/p>\n<p>Allm\u00e4nna fr\u00e5gor skickas till&nbsp;<a href=\"mailto:info@iceteam.fi\">info@iceteam.fi<\/a><\/p>\n<p><strong>Ice Team Raseborg styrelse 2024-2025<\/strong><\/p>\n<p>Ordf\u00f6rande<br \/>Jan Engblom 0413270208<br \/><a href=\"mailto:puheenjohtaja@iceteam.fi\">puheenjohtaja@iceteam.fi<\/a><br \/><a href=\"mailto:jaengblo@gmail.com\" target=\"_blank\" rel=\"noopener noreferrer\" data-auth=\"NotApplicable\" data-linkindex=\"0\">jaengblo@gmail.com<\/a><span lang=\"fi\"><\/span><\/p>\n<p>Medlem<br \/>Petra Karjalainen<\/p>\n<p>Medlem<br \/>Robert Forsstr\u00f6m<\/p>\n<div>Medlem<\/div>\n<div class=\"x_MsoNormal\">Tomi Koivunen<br \/><a href=\"mailto:koivunen.tomi@gmail.com\" target=\"_blank\" rel=\"noopener noreferrer\" data-auth=\"NotApplicable\" data-linkindex=\"3\">koivunen.tomi@gmail.com<\/a><\/div>\n<p>Medlem<br \/>Niclas Berg<\/p>\n<p>Medlem<br \/>Bj\u00f6rn Sj\u00f6lund<br \/><a href=\"mailto:bjorn.sjolund@gmail.com\" target=\"_blank\" rel=\"noopener noreferrer\" data-auth=\"NotApplicable\" data-linkindex=\"5\">bjorn.sjolund@gmail.com<\/a><\/p>\n<div>Tr\u00e4ningschef<\/div>\n<div>Chris Carlsson<\/div>\n<div>chris@thefamily.fi<\/div>\n<div>&nbsp;<\/div>\n\n","protected":false},"excerpt":{"rendered":"<p>Kontaktuppgifter Postadress:Ice Team Raseborg rf c\/o Jan EngblomMarknadsgr\u00e4nd 18 10600 Eken\u00e4s Allm\u00e4nna fr\u00e5gor skickas till&nbsp;info@iceteam.fi Ice Team Raseborg styrelse 2024-2025 Ordf\u00f6randeJan Engblom 0413270208puheenjohtaja@iceteam.fijaengblo@gmail.com MedlemPetra Karjalainen MedlemRobert Forsstr\u00f6m Medlem Tomi Koivunenkoivunen.tomi@gmail.com MedlemNiclas Berg MedlemBj\u00f6rn Sj\u00f6lundbjorn.sjolund@gmail.com Tr\u00e4ningschef Chris Carlsson chris@thefamily.fi &nbsp;<\/p>\n","protected":false},"author":1,"featured_media":0,"parent":53,"menu_order":0,"comment_status":"closed","ping_status":"closed","template":"","meta":{"ngg_post_thumbnail":0,"cybocfi_hide_featured_image":"","footnotes":""},"class_list":["post-62","page","type-page","status-publish","hentry"],"_links":{"self":[{"href":"https:\/\/www.iceteam.fi\/sv\/wp-json\/wp\/v2\/pages\/62"}],"collection":[{"href":"https:\/\/www.iceteam.fi\/sv\/wp-json\/wp\/v2\/pages"}],"about":[{"href":"https:\/\/www.iceteam.fi\/sv\/wp-json\/wp\/v2\/types\/page"}],"author":[{"embeddable":true,"href":"https:\/\/www.iceteam.fi\/sv\/wp-json\/wp\/v2\/users\/1"}],"replies":[{"embeddable":true,"href":"https:\/\/www.iceteam.fi\/sv\/wp-json\/wp\/v2\/comments?post=62"}],"version-history":[{"count":63,"href":"https:\/\/www.iceteam.fi\/sv\/wp-json\/wp\/v2\/pages\/62\/revisions"}],"predecessor-version":[{"id":6980,"href":"https:\/\/www.iceteam.fi\/sv\/wp-json\/wp\/v2\/pages\/62\/revisions\/6980"}],"up":[{"embeddable":true,"href":"https:\/\/www.iceteam.fi\/sv\/wp-json\/wp\/v2\/pages\/53"}],"wp:attachment":[{"href":"https:\/\/www.iceteam.fi\/sv\/wp-json\/wp\/v2\/media?parent=62"}],"curies":[{"name":"wp","href":"https:\/\/api.w.org\/{rel}","templated":true}]}}