{"id":66,"date":"2013-01-03T21:26:22","date_gmt":"2013-01-03T21:26:22","guid":{"rendered":"http:\/\/www.iceteam.fi\/?page_id=66"},"modified":"2025-09-16T22:51:46","modified_gmt":"2025-09-16T19:51:46","slug":"lagen","status":"publish","type":"page","link":"https:\/\/www.iceteam.fi\/sv\/lagen\/","title":{"rendered":"Lagen"},"content":{"rendered":"<p>Serieprogrammen hittas h\u00e4r:&nbsp;<a href=\"https:\/\/tulospalvelu.leijonat.fi\/serie\/?lang=se\">https:\/\/tulospalvelu.leijonat.fi\/serie\/?lang=se<\/a><a href=\"https:\/\/tulospalvelu.leijonat.fi\/serie\/?lang=se\"><\/a><\/p>\n<p class=\"p1\">I Ice Team Raseborg har vi just nu fem lag: Representationslaget, U14, U12, U10 och U9 \u2013 samt Leijona-hockeyskolan och skridskoskolan. Eftersom spelarantalet \u00e4r begr\u00e4nsat har vi beviljats dispens fr\u00e5n ishockeyf\u00f6rbundet, vilket g\u00f6r att s\u00e5 kallade \u00f6ver\u00e5riga spelare f\u00e5r delta i alla lag.<\/p>\n<p class=\"p1\">F\u00f6r tillf\u00e4llet best\u00e5r v\u00e5ra lag fr\u00e4mst av pojkar, men vi har ocks\u00e5 n\u00e5gra flickor med \u2013 och vi v\u00e4lkomnar g\u00e4rna fler! I m\u00e5nga f\u00f6reningar \u00e4r flickor f\u00e4rre till antalet och spelar d\u00e4rf\u00f6r ofta tillsammans med pojkar, om det inte finns tillr\u00e4ckligt m\u00e5nga f\u00f6r ett eget flicklag i samma \u00e5ldersgrupp.<\/p>\n<p class=\"p1\">Hos oss \u00e4r alla v\u00e4lkomna \u2013 kom med och prova, det \u00e4r verkligen v\u00e4rt det!<\/p>\n","protected":false},"excerpt":{"rendered":"<p>Serieprogrammen hittas h\u00e4r:&nbsp;https:\/\/tulospalvelu.leijonat.fi\/serie\/?lang=se I Ice Team Raseborg har vi just nu fem lag: Representationslaget, U14, U12, U10 och U9 \u2013 samt Leijona-hockeyskolan och skridskoskolan. Eftersom spelarantalet \u00e4r begr\u00e4nsat har vi beviljats dispens fr\u00e5n ishockeyf\u00f6rbundet, vilket g\u00f6r att s\u00e5 kallade \u00f6ver\u00e5riga spelare f\u00e5r delta i alla lag. F\u00f6r tillf\u00e4llet best\u00e5r v\u00e5ra [&hellip;]<\/p>\n","protected":false},"author":1,"featured_media":0,"parent":0,"menu_order":0,"comment_status":"closed","ping_status":"closed","template":"","meta":{"ngg_post_thumbnail":0,"cybocfi_hide_featured_image":"","footnotes":""},"class_list":["post-66","page","type-page","status-publish","hentry"],"_links":{"self":[{"href":"https:\/\/www.iceteam.fi\/sv\/wp-json\/wp\/v2\/pages\/66"}],"collection":[{"href":"https:\/\/www.iceteam.fi\/sv\/wp-json\/wp\/v2\/pages"}],"about":[{"href":"https:\/\/www.iceteam.fi\/sv\/wp-json\/wp\/v2\/types\/page"}],"author":[{"embeddable":true,"href":"https:\/\/www.iceteam.fi\/sv\/wp-json\/wp\/v2\/users\/1"}],"replies":[{"embeddable":true,"href":"https:\/\/www.iceteam.fi\/sv\/wp-json\/wp\/v2\/comments?post=66"}],"version-history":[{"count":24,"href":"https:\/\/www.iceteam.fi\/sv\/wp-json\/wp\/v2\/pages\/66\/revisions"}],"predecessor-version":[{"id":7043,"href":"https:\/\/www.iceteam.fi\/sv\/wp-json\/wp\/v2\/pages\/66\/revisions\/7043"}],"wp:attachment":[{"href":"https:\/\/www.iceteam.fi\/sv\/wp-json\/wp\/v2\/media?parent=66"}],"curies":[{"name":"wp","href":"https:\/\/api.w.org\/{rel}","templated":true}]}}