{"id":6865,"date":"2024-09-08T20:22:30","date_gmt":"2024-09-08T17:22:30","guid":{"rendered":"https:\/\/www.iceteam.fi\/?page_id=6865"},"modified":"2025-09-16T22:11:21","modified_gmt":"2025-09-16T19:11:21","slug":"u9","status":"publish","type":"page","link":"https:\/\/www.iceteam.fi\/sv\/lagen\/u9\/","title":{"rendered":"U9"},"content":{"rendered":"\n<p class=\"p1\">Vi \u00e4r det yngsta laget i Ice Team Raseborg. I v\u00e5rt lag spelar pojkar och flickor f\u00f6dda 2018-2016.&nbsp;Vi tr\u00e4nar tillsammans med U10.<\/p>\n<p class=\"p1\">S\u00e4songen 2025-2026 deltar laget i Leijonaliigan.&nbsp;<\/p>\n<div><\/div>\n<p class=\"p1\"><b>V\u00e5ra tr\u00e4ningstider \u00e4r&nbsp;<\/b><\/p>\n<p class=\"p2\">M\u00e5ndagar 17.30-18.30<br \/>Onsdagar 18.30-20.00<br \/>S\u00f6ndagar 12.00-13.30<\/p>\n<p><\/p>\n<p><strong>F\u00f6lj oss g\u00e4rna p\u00e5 sociala medier<\/strong><\/p>\n<p>Instagram: iceteamraseborg_u9<\/p>\n<p>Facebook: Ice Team raseborg U9<\/p>\n<div><\/div>\n<p class=\"elementToProof\">Vi vill v\u00e4ldigt g\u00e4rna ha med nya spelare i v\u00e5r glada spelartrupp. Om du \u00e4r intresserad att prova p\u00e5 ishockey och \u00e4r f\u00f6dd<\/p>\n<p class=\"p1\">\u00e4r f\u00f6dd 2018-2016 \u00e4r du hj\u00e4rtligt v\u00e4lkommen med!<\/p>\n<p class=\"elementToProof\">Tag kontakt med v\u00e5r lagledare eller tr\u00e4nare och kom med p\u00e5 tr\u00e4ning, det enda du beh\u00f6ver \u00e4r egna skridskor och hj\u00e4lm, \u00f6vrig utrustning finns att l\u00e5na.&nbsp;<\/p>\n<div><\/div>\n<div><\/div>\n<div><strong>Lagledare:<\/strong><\/div>\n<div>Linda Gustafsson<\/div>\n<div>gustafsson_l@hotmail.com<\/div>\n<div><\/div>\n<div><\/div>\n<div><strong>Ansvarig tr\u00e4nare:<\/strong><\/div>\n<div>Kari Rinne<\/div>\n<div>rinne91@gmail.com<\/div>\n<div><\/div>\n<div><\/div>\n<div><strong>\u00d6vriga tr\u00e4nare:<\/strong><\/div>\n<div>Cedric Weckstr\u00f6m<\/div>\n<div>Kari Rinne<\/div>\n<div>Christer Carlsson<\/div>\n<div>Martin Wikstr\u00f6m<\/div>\n<div><\/div>\n<div><\/div>\n<div><strong>Underh\u00e5ll:<\/strong><\/div>\n<div>Kennet Wall<\/div>\n<div>Tony Lindholm<\/div>\n<div>Magnus Lindholm<br \/><span style=\"font-size: revert; color: initial; font-family: -apple-system, BlinkMacSystemFont, 'Segoe UI', Roboto, Oxygen-Sans, Ubuntu, Cantarell, 'Helvetica Neue', sans-serif;\">Tim Winberg<\/span><\/div>\n<div><\/div>\n<div><strong>Kass\u00f6r:<\/strong><\/div>\n<div>Sanna Kahelin<\/div>\n<div><span>s.kahelin@gmail.com<\/span><\/div>\n\n\n\n\n","protected":false},"excerpt":{"rendered":"<p>Vi \u00e4r det yngsta laget i Ice Team Raseborg. I v\u00e5rt lag spelar pojkar och flickor f\u00f6dda 2018-2016.&nbsp;Vi tr\u00e4nar tillsammans med U10. S\u00e4songen 2025-2026 deltar laget i Leijonaliigan.&nbsp; V\u00e5ra tr\u00e4ningstider \u00e4r&nbsp; M\u00e5ndagar 17.30-18.30Onsdagar 18.30-20.00S\u00f6ndagar 12.00-13.30 F\u00f6lj oss g\u00e4rna p\u00e5 sociala medier Instagram: iceteamraseborg_u9 Facebook: Ice Team raseborg U9 Vi vill [&hellip;]<\/p>\n","protected":false},"author":10,"featured_media":0,"parent":66,"menu_order":0,"comment_status":"closed","ping_status":"closed","template":"","meta":{"ngg_post_thumbnail":0,"cybocfi_hide_featured_image":"","footnotes":""},"class_list":["post-6865","page","type-page","status-publish","hentry"],"_links":{"self":[{"href":"https:\/\/www.iceteam.fi\/sv\/wp-json\/wp\/v2\/pages\/6865"}],"collection":[{"href":"https:\/\/www.iceteam.fi\/sv\/wp-json\/wp\/v2\/pages"}],"about":[{"href":"https:\/\/www.iceteam.fi\/sv\/wp-json\/wp\/v2\/types\/page"}],"author":[{"embeddable":true,"href":"https:\/\/www.iceteam.fi\/sv\/wp-json\/wp\/v2\/users\/10"}],"replies":[{"embeddable":true,"href":"https:\/\/www.iceteam.fi\/sv\/wp-json\/wp\/v2\/comments?post=6865"}],"version-history":[{"count":8,"href":"https:\/\/www.iceteam.fi\/sv\/wp-json\/wp\/v2\/pages\/6865\/revisions"}],"predecessor-version":[{"id":7018,"href":"https:\/\/www.iceteam.fi\/sv\/wp-json\/wp\/v2\/pages\/6865\/revisions\/7018"}],"up":[{"embeddable":true,"href":"https:\/\/www.iceteam.fi\/sv\/wp-json\/wp\/v2\/pages\/66"}],"wp:attachment":[{"href":"https:\/\/www.iceteam.fi\/sv\/wp-json\/wp\/v2\/media?parent=6865"}],"curies":[{"name":"wp","href":"https:\/\/api.w.org\/{rel}","templated":true}]}}