{"id":6906,"date":"2024-12-09T13:21:14","date_gmt":"2024-12-09T11:21:14","guid":{"rendered":"https:\/\/www.iceteam.fi\/ringette\/"},"modified":"2026-01-28T20:14:04","modified_gmt":"2026-01-28T18:14:04","slug":"ringette","status":"publish","type":"page","link":"https:\/\/www.iceteam.fi\/sv\/ringette\/","title":{"rendered":"Ringette"},"content":{"rendered":"\n<!-- myClub embed JS - start -->\n<div class=\"myclub-embed\" data-url=\"https:\/\/iceteam.myclub.fi\/groups\/81414\/course_embeds\/31661?token=7ea77bbcb0fe9bf4cd462f78f473a827dd313896\"><\/div>\n<script>(function(d, s, id) { var js, mjs = d.getElementsByTagName(s)[0]; if (d.getElementById(id)) return; js = d.createElement(s); js.id = id; js.async = true; js.src = \"https:\/\/d2ubdm6yoox6gh.cloudfront.net\/assets\/myclub-embed.js\"; mjs.parentNode.insertBefore(js, mjs); }(document, 'script', 'myclub-embed-js'));<\/script>\n<!-- myClub embed JS - end -->\n\n\n\n\n\n<figure class=\"wp-block-embed is-type-video is-provider-youtube wp-block-embed-youtube wp-embed-aspect-16-9 wp-has-aspect-ratio\"><div class=\"wp-block-embed__wrapper\">\n<iframe loading=\"lazy\" title=\"Ringettekoulujen mainosvideo\" width=\"750\" height=\"422\" src=\"https:\/\/www.youtube.com\/embed\/E4tyCpWzzRc?feature=oembed\" frameborder=\"0\" allow=\"accelerometer; autoplay; clipboard-write; encrypted-media; gyroscope; picture-in-picture; web-share\" referrerpolicy=\"strict-origin-when-cross-origin\" allowfullscreen><\/iframe>\n<\/div><\/figure>\n\n\n\n<h2 class=\"wp-block-heading\"><strong>VAD \u00c4R RINGETTE?<\/strong><\/h2>\n\n\n\n<p>Spelet kommer ursprungligen fr\u00e5n Kanada och har spelats i Finland i ungef\u00e4r 40 \u00e5r. Finland \u00e4r f\u00f6r n\u00e4rvarande regerande v\u00e4rldsm\u00e4stare i ringette. I Finland finns det cirka 4000 ut\u00f6vare, fr\u00e5n barn i skridsko- och ringetteskolor till aktiva vuxna motion\u00e4rer och idrottare som siktar mot toppen.<\/p>\n\n\n\n<p>Ringette \u00e4r en av f\u00e5 idrotter som ursprungligen utvecklades specifikt f\u00f6r kvinnor och flickor.<\/p>\n\n\n\n<p>\u00c4ven om ringette p\u00e5 elitniv\u00e5 \u00e4r mycket teknisk och kr\u00e4vande, \u00e4r det l\u00e4tt att komma ig\u00e5ng med sporten.<\/p>\n\n\n\n<p>Redan nyb\u00f6rjare kan hantera spelet, och gl\u00e4djen och k\u00e4nslan av att lyckas finns d\u00e4r fr\u00e5n f\u00f6rsta b\u00f6rjan. Ringette passar alla och i alla \u00e5ldrar, och tr\u00f6skeln f\u00f6r att prova eller b\u00f6rja med sporten \u00e4r mycket l\u00e5g.<\/p>\n\n\n\n<p>Ringette \u00e4r en glad och fartfylld isidrott som kombinerar intelligens, gl\u00e4dje och kreativitet. Sportens natur betonar skicklighet framf\u00f6r kraft och \u00e4r som b\u00e4st en fantastisk kombination av fart, lagspel och teknik.<\/p>\n\n\n\n<p>Ringen f\u00f6rs fram p\u00e5 isen genom att h\u00e5lla ringetteklubbans spets inne i ringen. Ringetten \u00e4r l\u00e4tt att kontrollera och f\u00f6ljer med smidigt n\u00e4r man f\u00f6r den fram\u00e5t. Den \u00e4r ett bra redskap f\u00f6r att fint dribbla f\u00f6rbi motst\u00e5ndaren och enklare att skydda \u00e4n att ta ifr\u00e5n n\u00e5gon annan.<\/p>\n\n\n\n<p>Lagspel \u00e4r s\u00e4rskilt framtr\u00e4dande i ringette, eftersom reglerna i sig uppmuntrar spelarna till samarbete. Ingen kan ensam f\u00f6ra ringen fr\u00e5n det egna m\u00e5let till motst\u00e5ndarnas m\u00e5l. I ringette m\u00e5ste man alltid passa ringen \u00f6ver bl\u00e5linjen, oavsett i vilken riktning spelet r\u00f6r sig.<\/p>\n\n\n\n<p>Ringette \u00e4r ocks\u00e5 en s\u00e4ker sport, eftersom kroppskontakt \u00e4r f\u00f6rbjudet.<\/p>\n\n\n\n<hr class=\"wp-block-separator has-alpha-channel-opacity\"\/>\n\n\n\n<h3 class=\"wp-block-heading\"><strong>RINGETTESKOLAN \u00c4R EN SKRIDSKOSKOLA<\/strong><\/h3>\n\n\n\n<p>Ringetteskolan \u00e4r en skridskoskola d\u00e4r man l\u00e4r sig skridskoteknik genom lek. M\u00e5nga barn b\u00f6rjar i ringetteskolan f\u00f6r att l\u00e4ra sig \u00e5ka skridskor. Ringetteskolan ger barnet mycket mer. F\u00f6rutom motoriska f\u00e4rdigheter utvecklas sociala f\u00e4rdigheter genom grupptr\u00e4ning, och d\u00e4r knyts ofta nya v\u00e4nskapsband. F\u00f6rutom skridskoteknik f\u00e5r man i ringetteskolan \u00e4ven l\u00e4ra sig grunderna i ringette.<\/p>\n\n\n\n<p>Efter ringetteskolan kan barnet, om hen vill, forts\u00e4tta med ringette i f\u00f6reningens juniorlag. Pojkar f\u00e5r spela i seriespel fram till F-\u00e5ldersklassen, men man kan forts\u00e4tta tr\u00e4na s\u00e5 l\u00e4nge man vill.<\/p>\n\n\n\n<hr class=\"wp-block-separator has-alpha-channel-opacity\"\/>\n\n\n\n<h3 class=\"wp-block-heading\"><strong>UTRUSTNING I RINGETTE<\/strong><\/h3>\n\n\n\n<p>F\u00f6r att b\u00f6rja r\u00e4cker det med skridskor, hj\u00e4lm, ringetteklubba och ring.<\/p>\n\n\n\n<p>N\u00e4r man kommer vidare i sporten utvecklas ocks\u00e5 utrustningen: i seriespel \u00e4r ishockeyskridskor, hj\u00e4lm med ansiktsskydd, kn\u00e4- och armb\u00e5gsskydd, spelhandskar och halsskydd obligatoriska.<\/p>\n\n\n\n<p><strong>Licens<\/strong><\/p>\n<div class=\"flex flex-col text-sm pb-25\">\n<article class=\"text-token-text-primary w-full focus:outline-none [--shadow-height:45px] has-data-writing-block:pointer-events-none has-data-writing-block:-mt-(--shadow-height) has-data-writing-block:pt-(--shadow-height) [&amp;:has([data-writing-block])&gt;*]:pointer-events-auto [content-visibility:auto] supports-[content-visibility:auto]:[contain-intrinsic-size:auto_100lvh] scroll-mt-[calc(var(--header-height)+min(200px,max(70px,20svh)))]\" dir=\"auto\" data-turn-id=\"request-WEB:9b281394-13f4-47fc-9d1c-8e6ff408e125-0\" data-testid=\"conversation-turn-2\" data-scroll-anchor=\"true\" data-turn=\"assistant\" tabindex=\"-1\">\n<div class=\"text-base my-auto mx-auto pb-10 [--thread-content-margin:--spacing(4)] @w-sm\/main:[--thread-content-margin:--spacing(6)] @w-lg\/main:[--thread-content-margin:--spacing(16)] px-(--thread-content-margin)\">\n<div class=\"[--thread-content-max-width:40rem] @w-lg\/main:[--thread-content-max-width:48rem] mx-auto max-w-(--thread-content-max-width) flex-1 group\/turn-messages focus-visible:outline-hidden relative flex w-full min-w-0 flex-col agent-turn\" tabindex=\"-1\">\n<div class=\"flex max-w-full flex-col grow\">\n<div data-message-author-role=\"assistant\" data-message-id=\"9c996306-cd40-4eb1-a86f-d7fe20c285ec\" dir=\"auto\" class=\"min-h-8 text-message relative flex w-full flex-col items-end gap-2 text-start break-words whitespace-normal [.text-message+&amp;]:mt-1\" data-message-model-slug=\"gpt-5-2\">\n<div class=\"flex w-full flex-col gap-1 empty:hidden first:pt-[1px]\">\n<div class=\"markdown prose dark:prose-invert w-full wrap-break-word light markdown-new-styling\">\n<p data-start=\"37\" data-end=\"423\">Enligt Ringettef\u00f6rbundets regler m\u00e5ste varje ut\u00f6vare l\u00f6sa en t\u00e4vlingslicens fr\u00e5n f\u00f6rbundet, det vill s\u00e4ga ett Ice Card. Utan Ice Card f\u00e5r man inte spela ringettematcher, och \u00e4ven i ringetteskolan m\u00e5ste man ha ett Ice Card. Ut\u00f6ver Ice Card m\u00e5ste ut\u00f6varen ha en f\u00f6rs\u00e4kring som t\u00e4cker eventuella olycksfall som kan intr\u00e4ffa inom sporten. Ice Card \u00e4r giltigt per s\u00e4song, fr\u00e5n 1.7 till 30.4.<\/p>\n<p data-start=\"425\" data-end=\"568\">Med int\u00e4kterna fr\u00e5n Ice Card finansierar Ringettef\u00f6rbundet bland annat produktion och utveckling av olika material, utbildningar och evenemang.<\/p>\n<p data-start=\"570\" data-end=\"925\">Ice Card l\u00f6ses via Suomisport-tj\u00e4nsten, antingen med eller utan f\u00f6rs\u00e4kring. Ice Card med f\u00f6rs\u00e4kring inneh\u00e5ller Sportskyddet som erbjuds av Pohjola F\u00f6rs\u00e4kring. Den som v\u00e4ljer ett Ice Card utan f\u00f6rs\u00e4kring m\u00e5ste ha en egen f\u00f6rs\u00e4kring som \u00e4ven t\u00e4cker ringetteverksamhet. N\u00e4r man k\u00f6per Ice Card f\u00f6r f\u00f6rsta g\u00e5ngen m\u00e5ste man registrera sig i Suomisport-tj\u00e4nsten.<\/p>\n<p data-start=\"927\" data-end=\"1017\" data-is-last-node=\"\" data-is-only-node=\"\">Det \u00e4r ut\u00f6varen eller dennes v\u00e5rdnadshavare som ansvarar f\u00f6r att l\u00f6sa och betala Ice Card.<\/p>\n<\/div>\n<\/div>\n<\/div>\n<\/div>\n<\/div>\n<\/div>\n<\/article>\n<\/div>\n\n\n\n<hr class=\"wp-block-separator has-alpha-channel-opacity\"\/>\n\n\n\n<p>Till\u00e4ggsuppgifter:<\/p>\n\n\n\n<p><strong>Marja Salenius<\/strong><br \/><a href=\"mailto:marjah.salenius@hotmail.com\">marjah.salenius@hotmail.com<\/a> eller:&nbsp;040 749 2660<\/p>\n\n\n\n<p><\/p>\n<p><\/p>\n\n\n\n\n\n\n","protected":false},"excerpt":{"rendered":"<p>VAD \u00c4R RINGETTE? Spelet kommer ursprungligen fr\u00e5n Kanada och har spelats i Finland i ungef\u00e4r 40 \u00e5r. Finland \u00e4r f\u00f6r n\u00e4rvarande regerande v\u00e4rldsm\u00e4stare i ringette. I Finland finns det cirka 4000 ut\u00f6vare, fr\u00e5n barn i skridsko- och ringetteskolor till aktiva vuxna motion\u00e4rer och idrottare som siktar mot toppen. Ringette \u00e4r [&hellip;]<\/p>\n","protected":false},"author":10,"featured_media":0,"parent":0,"menu_order":0,"comment_status":"closed","ping_status":"closed","template":"","meta":{"ngg_post_thumbnail":0,"cybocfi_hide_featured_image":"","footnotes":""},"class_list":["post-6906","page","type-page","status-publish","hentry"],"_links":{"self":[{"href":"https:\/\/www.iceteam.fi\/sv\/wp-json\/wp\/v2\/pages\/6906"}],"collection":[{"href":"https:\/\/www.iceteam.fi\/sv\/wp-json\/wp\/v2\/pages"}],"about":[{"href":"https:\/\/www.iceteam.fi\/sv\/wp-json\/wp\/v2\/types\/page"}],"author":[{"embeddable":true,"href":"https:\/\/www.iceteam.fi\/sv\/wp-json\/wp\/v2\/users\/10"}],"replies":[{"embeddable":true,"href":"https:\/\/www.iceteam.fi\/sv\/wp-json\/wp\/v2\/comments?post=6906"}],"version-history":[{"count":6,"href":"https:\/\/www.iceteam.fi\/sv\/wp-json\/wp\/v2\/pages\/6906\/revisions"}],"predecessor-version":[{"id":7086,"href":"https:\/\/www.iceteam.fi\/sv\/wp-json\/wp\/v2\/pages\/6906\/revisions\/7086"}],"wp:attachment":[{"href":"https:\/\/www.iceteam.fi\/sv\/wp-json\/wp\/v2\/media?parent=6906"}],"curies":[{"name":"wp","href":"https:\/\/api.w.org\/{rel}","templated":true}]}}