{"id":6938,"date":"2025-03-31T10:06:45","date_gmt":"2025-03-31T07:06:45","guid":{"rendered":"https:\/\/www.iceteam.fi\/tasa-arvosuunnitelma-ice-team-raasepori-r-y\/"},"modified":"2025-03-31T10:08:35","modified_gmt":"2025-03-31T07:08:35","slug":"tasa-arvosuunnitelma-ice-team-raasepori-r-y","status":"publish","type":"page","link":"https:\/\/www.iceteam.fi\/sv\/tasa-arvosuunnitelma-ice-team-raasepori-r-y\/","title":{"rendered":"J\u00e4mlikhetsplan Ice Team Raseborg r.f\u00a0"},"content":{"rendered":"\n<ol>\n<li style=\"font-weight: 400;\"><strong> Inledning<\/strong><\/li>\n<\/ol>\n<p style=\"font-weight: 400;\"><strong>&nbsp;<\/strong><\/p>\n<p style=\"font-weight: 400;\">Ice Team Raseborg \u00e4r en issportsf\u00f6rening med verksamhet f\u00f6r b\u00e5de barn, unga och vuxna som \u00e4r intresserade av issport i olika former. F\u00f6reningens verksamhet utg\u00e5r fr\u00e5n, och v\u00e4rnar om, alla barns och ungdomars r\u00e4tt att delta p\u00e5 lika villkor. Vi str\u00e4var efter att skapa en inkluderande och trygg milj\u00f6 d\u00e4r alla, oavsett k\u00f6n, etnicitet, socioekonomisk bakgrund eller annan bakgrund, har samma m\u00f6jlighet att utvecklas inom sporten. M\u00e5ls\u00e4ttningen \u00e4r att alla skall trivas i verksamheten och inget utrymme f\u00f6r mobbning eller annat d\u00e5ligt beteende finns inom verksamheten.<\/p>\n<p style=\"font-weight: 400;\"><\/p>\n<ol start=\"2\">\n<li style=\"font-weight: 400;\"><strong> M\u00e5l med planen<\/strong><\/li>\n<\/ol>\n<p style=\"font-weight: 400;\"><strong>&nbsp;<\/strong><\/p>\n<ul style=\"font-weight: 400;\">\n<li>Skapa en v\u00e4lkomnande och trygg milj\u00f6 f\u00f6r alla medlemmar.<\/li>\n<li>Fr\u00e4mja j\u00e4mlikhet och inkludering i alla delar av f\u00f6reningens verksamhet.<\/li>\n<li>Motverka diskriminering, trakasserier och exkludering.<\/li>\n<\/ul>\n<p style=\"font-weight: 400;\"><\/p>\n<ol start=\"3\">\n<li style=\"font-weight: 400;\"><strong> Konkreta \u00e5tg\u00e4rder<\/strong><\/li>\n<\/ol>\n<p style=\"font-weight: 400;\"><strong>&nbsp;<\/strong><\/p>\n<p style=\"font-weight: 400;\"><strong>3.1 Utbildning och medvetenhet<\/strong><\/p>\n<ul style=\"font-weight: 400;\">\n<li>F\u00f6r\u00e4ldrar och medlemmar informeras om f\u00f6reningens v\u00e4rdegrund.<\/li>\n<li>F\u00f6reningen arbetar aktivt f\u00f6r att skapa en trygg idrottsmilj\u00f6.<\/li>\n<\/ul>\n<p style=\"font-weight: 400;\"><strong>3.2 Rekrytering och deltagande<\/strong><\/p>\n<ul style=\"font-weight: 400;\">\n<li>Rekrytering av barn och unga sker oberoende av bakgrund och b\u00e5de flickor och pojkar uppmuntras att delta i issporter.<\/li>\n<li>F\u00f6reningen \u00e4r en aktivt tv\u00e5spr\u00e5kig f\u00f6rening d\u00e4r spr\u00e5kgr\u00e4nser inte \u00e4r relevanta och olika spr\u00e5klig bakgrund ses som en rikedom och m\u00f6jlighet att l\u00e4ra av varandra.<\/li>\n<li>F\u00f6reningen erbjuder prova-p\u00e5-verksamhet och l\u00e5neutrustning f\u00f6r att underl\u00e4tta s\u00e5 att ekonomiska resurser inte \u00e4r ett hinder f\u00f6r att prova p\u00e5 verksamheten.<\/li>\n<li>F\u00f6reningen skapar en trygg milj\u00f6 i omkl\u00e4dningsrummet och ishallen.<\/li>\n<li>Vi s\u00e4tter laget f\u00f6re jag:et \u00e4ven om f\u00f6reningen \u00e4ven str\u00e4var till att kunna erbjuda m\u00f6jligheter till personlig utveckling och tr\u00e4ningsm\u00f6jligheter.<\/li>\n<\/ul>\n<p style=\"font-weight: 400;\"><strong>3.3 Organisation och beslutsfattande<span>&nbsp; <\/span><\/strong><\/p>\n<ul>\n<li>Vi bejakar j\u00e4mlikhet i f\u00f6reningens beslutsfattande organ. Vi str\u00e4var till m\u00e5ngfald bland de personer som har en roll i f\u00f6reningen och beslutsfattandet.<\/li>\n<\/ul>\n<p style=\"font-weight: 400;\"><strong>3.3 Policy f\u00f6r bem\u00f6tande och konflikthantering<\/strong><\/p>\n<ul style=\"font-weight: 400;\">\n<li>En nolltoleranspolicy mot diskriminering, mobbning och trakasserier.<\/li>\n<li>F\u00f6reningens ansvarspersoner ansvarar f\u00f6r att snabbt och professionellt hantera problem.<\/li>\n<\/ul>\n<p style=\"font-weight: 400;\"><strong>3.4 Ekonomisk tillg\u00e4nglighet<\/strong><\/p>\n<ul style=\"font-weight: 400;\">\n<li>F\u00f6reningen s\u00f6ker aktivt sponsring och bidrag f\u00f6r att kunna h\u00e5lla avgifterna p\u00e5 en sk\u00e4lig niv\u00e5, f\u00f6r att \u00e4ven familjer med begr\u00e4nsade ekonomiska resurser skall kunna delta.<\/li>\n<li>Tillhandah\u00e5lla begagnad utrustning som barn kan l\u00e5na vid behov.<\/li>\n<\/ul>\n<ol start=\"4\">\n<li style=\"font-weight: 400;\"><strong> Kommunikation och information<\/strong><\/li>\n<\/ol>\n<p style=\"font-weight: 400;\"><strong>&nbsp;<\/strong><\/p>\n<ul style=\"font-weight: 400;\">\n<li>Vi informerar \u00f6ppet och tydligt om v\u00e5ra verksamhetsprinciper och v\u00e5ra m\u00e5l<\/li>\n<li>VI har regelbundna m\u00f6ten d\u00e4r j\u00e4mlikhetsfr\u00e5gor tas upp och \u00e5tg\u00e4rder vidtas vid behov.<\/li>\n<\/ul>\n<ol start=\"5\">\n<li style=\"font-weight: 400;\"><strong> Sammanfattning<\/strong><\/li>\n<\/ol>\n<p style=\"font-weight: 400;\"><strong>&nbsp;<\/strong><\/p>\n<p style=\"font-weight: 400;\">Ice Team ser det som en sj\u00e4lvklarhet att alla barn och unga ska ha r\u00e4tt att delta p\u00e5 lika villkor och vi arbetar aktivt f\u00f6r att skapa en inkluderande milj\u00f6. Genom denna j\u00e4mlikhetsplan bef\u00e4ster vi f\u00f6reningens syn p\u00e5 en \u00f6ppen och v\u00e4lkomnande idrottsgemenskap.<\/p>\n","protected":false},"excerpt":{"rendered":"<p>Inledning &nbsp; Ice Team Raseborg \u00e4r en issportsf\u00f6rening med verksamhet f\u00f6r b\u00e5de barn, unga och vuxna som \u00e4r intresserade av issport i olika former. F\u00f6reningens verksamhet utg\u00e5r fr\u00e5n, och v\u00e4rnar om, alla barns och ungdomars r\u00e4tt att delta p\u00e5 lika villkor. Vi str\u00e4var efter att skapa en inkluderande och trygg [&hellip;]<\/p>\n","protected":false},"author":10,"featured_media":0,"parent":0,"menu_order":0,"comment_status":"closed","ping_status":"closed","template":"","meta":{"ngg_post_thumbnail":0,"cybocfi_hide_featured_image":"","footnotes":""},"class_list":["post-6938","page","type-page","status-publish","hentry"],"_links":{"self":[{"href":"https:\/\/www.iceteam.fi\/sv\/wp-json\/wp\/v2\/pages\/6938"}],"collection":[{"href":"https:\/\/www.iceteam.fi\/sv\/wp-json\/wp\/v2\/pages"}],"about":[{"href":"https:\/\/www.iceteam.fi\/sv\/wp-json\/wp\/v2\/types\/page"}],"author":[{"embeddable":true,"href":"https:\/\/www.iceteam.fi\/sv\/wp-json\/wp\/v2\/users\/10"}],"replies":[{"embeddable":true,"href":"https:\/\/www.iceteam.fi\/sv\/wp-json\/wp\/v2\/comments?post=6938"}],"version-history":[{"count":1,"href":"https:\/\/www.iceteam.fi\/sv\/wp-json\/wp\/v2\/pages\/6938\/revisions"}],"predecessor-version":[{"id":6940,"href":"https:\/\/www.iceteam.fi\/sv\/wp-json\/wp\/v2\/pages\/6938\/revisions\/6940"}],"wp:attachment":[{"href":"https:\/\/www.iceteam.fi\/sv\/wp-json\/wp\/v2\/media?parent=6938"}],"curies":[{"name":"wp","href":"https:\/\/api.w.org\/{rel}","templated":true}]}}