{"id":7032,"date":"2025-09-16T22:31:21","date_gmt":"2025-09-16T19:31:21","guid":{"rendered":"https:\/\/www.iceteam.fi\/?page_id=7032"},"modified":"2025-09-16T22:32:12","modified_gmt":"2025-09-16T19:32:12","slug":"u10","status":"publish","type":"page","link":"https:\/\/www.iceteam.fi\/sv\/lagen\/u10\/","title":{"rendered":"U10"},"content":{"rendered":"\n<p>I U10 spelar pojkar och flickor f\u00f6dda 2016-2015. S\u00e4songen 2025-2026 deltar laget i Leijonaliigan. Vi tr\u00e4nar tillsammans med U9.<\/p>\n<p><br \/><strong>V\u00e5ra tr\u00e4ningstider \u00e4r&nbsp;<\/strong><br \/>M\u00e5ndagar 17.30-18.30<br \/>Onsdagar 18.30-20.00<br \/>S\u00f6ndagar 12.00-13.30<\/p>\n<p><br \/><strong>F\u00f6lj oss g\u00e4rna p\u00e5 sociala medier<\/strong><br \/>Instagram: iceteamraseborg_u9<br \/>Facebook: Ice Team raseborg U9<\/p>\n<p><br \/>Vi vill v\u00e4ldigt g\u00e4rna ha med nya spelare i v\u00e5r glada spelartrupp. Om du \u00e4r intresserad att prova p\u00e5 ishockey och \u00e4r f\u00f6dd 2016-2015 \u00e4r du hj\u00e4rtligt v\u00e4lkommen med!&nbsp;<br \/>Tag kontakt med v\u00e5r lagledare eller tr\u00e4nare och kom med p\u00e5 tr\u00e4ning, det enda du beh\u00f6ver \u00e4r egna skridskor och hj\u00e4lm, \u00f6vrig utrustning finns att l\u00e5na.&nbsp;<\/p>\n\n\n\n<p><strong>Lagledare:<\/strong><br \/>Sofie Friberg<br \/>fribasofie87@gmail.com<\/p>\n\n\n\n<p><strong>Ansvarig tr\u00e4nare:<\/strong><br \/>Kari Rinne<br \/>rinne91@gmail.com<\/p>\n\n\n\n<p><strong>\u00d6vriga tr\u00e4nare:<\/strong><br \/>Cedric Weckstr\u00f6m<br \/>Christer Carlsson<br \/>Martin Wikstr\u00f6m<\/p>\n\n\n\n<p><strong>Underh\u00e5ll:<\/strong><br \/>Kennet Wall<br \/>Tony Lindholm<br \/>Magnus Lindholm<br \/>Tim Winberg<\/p>\n\n\n\n<p><strong>Kass\u00f6r:<\/strong><br \/>Sanna Kahelin<br \/>s.kahelin@gmail.com<\/p>\n","protected":false},"excerpt":{"rendered":"<p>I U10 spelar pojkar och flickor f\u00f6dda 2016-2015. S\u00e4songen 2025-2026 deltar laget i Leijonaliigan. Vi tr\u00e4nar tillsammans med U9. V\u00e5ra tr\u00e4ningstider \u00e4r&nbsp;M\u00e5ndagar 17.30-18.30Onsdagar 18.30-20.00S\u00f6ndagar 12.00-13.30 F\u00f6lj oss g\u00e4rna p\u00e5 sociala medierInstagram: iceteamraseborg_u9Facebook: Ice Team raseborg U9 Vi vill v\u00e4ldigt g\u00e4rna ha med nya spelare i v\u00e5r glada spelartrupp. Om du [&hellip;]<\/p>\n","protected":false},"author":12,"featured_media":0,"parent":66,"menu_order":0,"comment_status":"closed","ping_status":"closed","template":"","meta":{"ngg_post_thumbnail":0,"cybocfi_hide_featured_image":"","footnotes":""},"class_list":["post-7032","page","type-page","status-publish","hentry"],"_links":{"self":[{"href":"https:\/\/www.iceteam.fi\/sv\/wp-json\/wp\/v2\/pages\/7032"}],"collection":[{"href":"https:\/\/www.iceteam.fi\/sv\/wp-json\/wp\/v2\/pages"}],"about":[{"href":"https:\/\/www.iceteam.fi\/sv\/wp-json\/wp\/v2\/types\/page"}],"author":[{"embeddable":true,"href":"https:\/\/www.iceteam.fi\/sv\/wp-json\/wp\/v2\/users\/12"}],"replies":[{"embeddable":true,"href":"https:\/\/www.iceteam.fi\/sv\/wp-json\/wp\/v2\/comments?post=7032"}],"version-history":[{"count":2,"href":"https:\/\/www.iceteam.fi\/sv\/wp-json\/wp\/v2\/pages\/7032\/revisions"}],"predecessor-version":[{"id":7035,"href":"https:\/\/www.iceteam.fi\/sv\/wp-json\/wp\/v2\/pages\/7032\/revisions\/7035"}],"up":[{"embeddable":true,"href":"https:\/\/www.iceteam.fi\/sv\/wp-json\/wp\/v2\/pages\/66"}],"wp:attachment":[{"href":"https:\/\/www.iceteam.fi\/sv\/wp-json\/wp\/v2\/media?parent=7032"}],"curies":[{"name":"wp","href":"https:\/\/api.w.org\/{rel}","templated":true}]}}