{"id":72,"date":"2013-01-03T21:27:32","date_gmt":"2013-01-03T21:27:32","guid":{"rendered":"http:\/\/www.iceteam.fi\/?page_id=72"},"modified":"2024-08-26T14:58:46","modified_gmt":"2024-08-26T11:58:46","slug":"g-juniorer","status":"publish","type":"page","link":"https:\/\/www.iceteam.fi\/sv\/lagen\/g-juniorer\/","title":{"rendered":"Representationslaget"},"content":{"rendered":"\n<p>Ice teams herrar deltar i div 4 under s\u00e4songen 2024-2025.<br \/>Laget s\u00f6ker aktiva spelare, tag kontakt om du har koll p\u00e5 pucken.<\/p>\n<div><strong>Lagledare<\/strong><br \/>Joakim \u00d6hman, <span class=\"email \">+358 40 6896619<\/span><\/div>\n<div><a href=\"mailto:joakim_hman@hotmail.com\">joakim_hman@hotmail.com<\/a><\/div>\n<div><br \/>\n<p><strong>Ansvarig tr\u00e4nare<\/strong><br \/>Mahesh Rees, +358 44 0166060<br \/><a href=\"mailto:makeij1211@gmail.com\">makeij1211@gmail.com<\/a><\/p>\n<div>\n<div>\n<div><strong>Kass\u00f6r<\/strong><br \/><span lang=\"FI\">Wilhelm Wikstr\u00f6m<\/span><\/div>\n<\/div>\n<\/div>\n<\/div>\n<div>&nbsp;<\/div>\n","protected":false},"excerpt":{"rendered":"<p>Ice teams herrar deltar i div 4 under s\u00e4songen 2024-2025.Laget s\u00f6ker aktiva spelare, tag kontakt om du har koll p\u00e5 pucken. LagledareJoakim \u00d6hman, +358 40 6896619 joakim_hman@hotmail.com Ansvarig tr\u00e4nareMahesh Rees, +358 44 0166060makeij1211@gmail.com Kass\u00f6rWilhelm Wikstr\u00f6m &nbsp;<\/p>\n","protected":false},"author":1,"featured_media":0,"parent":66,"menu_order":5,"comment_status":"closed","ping_status":"closed","template":"","meta":{"ngg_post_thumbnail":0,"cybocfi_hide_featured_image":"","footnotes":""},"class_list":["post-72","page","type-page","status-publish","hentry"],"_links":{"self":[{"href":"https:\/\/www.iceteam.fi\/sv\/wp-json\/wp\/v2\/pages\/72"}],"collection":[{"href":"https:\/\/www.iceteam.fi\/sv\/wp-json\/wp\/v2\/pages"}],"about":[{"href":"https:\/\/www.iceteam.fi\/sv\/wp-json\/wp\/v2\/types\/page"}],"author":[{"embeddable":true,"href":"https:\/\/www.iceteam.fi\/sv\/wp-json\/wp\/v2\/users\/1"}],"replies":[{"embeddable":true,"href":"https:\/\/www.iceteam.fi\/sv\/wp-json\/wp\/v2\/comments?post=72"}],"version-history":[{"count":53,"href":"https:\/\/www.iceteam.fi\/sv\/wp-json\/wp\/v2\/pages\/72\/revisions"}],"predecessor-version":[{"id":6752,"href":"https:\/\/www.iceteam.fi\/sv\/wp-json\/wp\/v2\/pages\/72\/revisions\/6752"}],"up":[{"embeddable":true,"href":"https:\/\/www.iceteam.fi\/sv\/wp-json\/wp\/v2\/pages\/66"}],"wp:attachment":[{"href":"https:\/\/www.iceteam.fi\/sv\/wp-json\/wp\/v2\/media?parent=72"}],"curies":[{"name":"wp","href":"https:\/\/api.w.org\/{rel}","templated":true}]}}