{"id":996,"date":"2013-02-27T21:51:03","date_gmt":"2013-02-27T19:51:03","guid":{"rendered":"http:\/\/www.iceteam.fi\/?page_id=996"},"modified":"2024-08-26T16:28:44","modified_gmt":"2024-08-26T13:28:44","slug":"medlemsansokan","status":"publish","type":"page","link":"https:\/\/www.iceteam.fi\/sv\/ice-team-raseborg\/medlemsansokan\/","title":{"rendered":"Medlemsans\u00f6kan"},"content":{"rendered":"\n<p>V\u00e5r f\u00f6rening anv\u00e4nder sig av MyClub som medlemsregister. Om du vill bli en medlem beh\u00f6ver du endast skapa ett MyClub konto \u00e5t dig eller ditt barn. Efter detta kommer du enkelt att kunna anm\u00e4la dig till evenemang och du f\u00e5r all relevant information.<\/p>\n\n\n\n<!-- myClub embed JS - start -->\n<div class=\"myclub-embed\" data-url=\"https:\/\/iceteam.myclub.fi\/login_embeds\/30189?token=bb638732bb2c8ad9139b7391f96c2545a4b87ff3\"><\/div>\n<script>(function(d, s, id) { var js, mjs = d.getElementsByTagName(s)[0]; if (d.getElementById(id)) return; js = d.createElement(s); js.id = id; js.async = true; js.src = \"https:\/\/d2ubdm6yoox6gh.cloudfront.net\/assets\/myclub-embed.js\"; mjs.parentNode.insertBefore(js, mjs); }(document, 'script', 'myclub-embed-js'));<\/script>\n<!-- myClub embed JS - end -->\n","protected":false},"excerpt":{"rendered":"<p>V\u00e5r f\u00f6rening anv\u00e4nder sig av MyClub som medlemsregister. Om du vill bli en medlem beh\u00f6ver du endast skapa ett MyClub konto \u00e5t dig eller ditt barn. Efter detta kommer du enkelt att kunna anm\u00e4la dig till evenemang och du f\u00e5r all relevant information.<\/p>\n","protected":false},"author":1,"featured_media":0,"parent":53,"menu_order":0,"comment_status":"closed","ping_status":"closed","template":"","meta":{"ngg_post_thumbnail":0,"cybocfi_hide_featured_image":"","footnotes":""},"class_list":["post-996","page","type-page","status-publish","hentry"],"_links":{"self":[{"href":"https:\/\/www.iceteam.fi\/sv\/wp-json\/wp\/v2\/pages\/996"}],"collection":[{"href":"https:\/\/www.iceteam.fi\/sv\/wp-json\/wp\/v2\/pages"}],"about":[{"href":"https:\/\/www.iceteam.fi\/sv\/wp-json\/wp\/v2\/types\/page"}],"author":[{"embeddable":true,"href":"https:\/\/www.iceteam.fi\/sv\/wp-json\/wp\/v2\/users\/1"}],"replies":[{"embeddable":true,"href":"https:\/\/www.iceteam.fi\/sv\/wp-json\/wp\/v2\/comments?post=996"}],"version-history":[{"count":4,"href":"https:\/\/www.iceteam.fi\/sv\/wp-json\/wp\/v2\/pages\/996\/revisions"}],"predecessor-version":[{"id":6762,"href":"https:\/\/www.iceteam.fi\/sv\/wp-json\/wp\/v2\/pages\/996\/revisions\/6762"}],"up":[{"embeddable":true,"href":"https:\/\/www.iceteam.fi\/sv\/wp-json\/wp\/v2\/pages\/53"}],"wp:attachment":[{"href":"https:\/\/www.iceteam.fi\/sv\/wp-json\/wp\/v2\/media?parent=996"}],"curies":[{"name":"wp","href":"https:\/\/api.w.org\/{rel}","templated":true}]}}